{"id":55,"date":"2025-03-03T11:55:28","date_gmt":"2025-03-03T11:55:28","guid":{"rendered":"https:\/\/stacyjkowo.renskawies.pl\/?page_id=55"},"modified":"2025-03-17T14:48:14","modified_gmt":"2025-03-17T14:48:14","slug":"oferta","status":"publish","type":"page","link":"https:\/\/stacyjkowo.renskawies.pl\/?page_id=55","title":{"rendered":"Oferta"},"content":{"rendered":"\n<p class=\"has-text-align-center\"><br><strong>Klub Malucha Stacyjkowo w Re\u0144skiej Wsi zaprasza dzieci w wieku przedszkolnym.<\/strong><\/p>\n\n\n\n<p class=\"has-text-align-center\"><strong> Zapewniamy serdeczn\u0105 atmosfer\u0119 i opiek\u0119 wykwalifikowanej kadry w zakresie: zaj\u0119\u0107 wychowawczo-dydaktycznych, zaj\u0119\u0107 muzyczno-tanecznych, zaj\u0119\u0107 plastycznych oraz edukacyjnych. <\/strong><\/p>\n\n\n\n<p class=\"has-text-align-center\"><strong>Klub Malucha stwarza warunki dla wszechstronnego rozwoju osobowo\u015bci ka\u017cdego dziecka.\u00a0 <\/strong><\/p>\n\n\n\n<p class=\"has-text-align-center\"><strong>Dzieci maj\u0105 mo\u017cliwo\u015b\u0107 brania udzia\u0142u w r\u00f3\u017cnych konkursach i zabawach.<\/strong><\/p>\n","protected":false},"excerpt":{"rendered":"<p>Klub Malucha Stacyjkowo w Re\u0144skiej Wsi zaprasza dzieci w wieku przedszkolnym. Zapewniamy serdeczn\u0105 atmosfer\u0119 i opiek\u0119 wykwalifikowanej kadry w zakresie: zaj\u0119\u0107 wychowawczo-dydaktycznych, zaj\u0119\u0107 muzyczno-tanecznych, zaj\u0119\u0107 plastycznych oraz edukacyjnych. Klub Malucha stwarza warunki dla wszechstronnego rozwoju osobowo\u015bci ka\u017cdego dziecka.\u00a0 Dzieci maj\u0105 mo\u017cliwo\u015b\u0107 brania udzia\u0142u w r\u00f3\u017cnych konkursach i zabawach.<\/p>\n","protected":false},"author":1,"featured_media":0,"parent":0,"menu_order":0,"comment_status":"closed","ping_status":"closed","template":"","meta":{"footnotes":""},"class_list":["post-55","page","type-page","status-publish","hentry"],"_links":{"self":[{"href":"https:\/\/stacyjkowo.renskawies.pl\/index.php?rest_route=\/wp\/v2\/pages\/55","targetHints":{"allow":["GET"]}}],"collection":[{"href":"https:\/\/stacyjkowo.renskawies.pl\/index.php?rest_route=\/wp\/v2\/pages"}],"about":[{"href":"https:\/\/stacyjkowo.renskawies.pl\/index.php?rest_route=\/wp\/v2\/types\/page"}],"author":[{"embeddable":true,"href":"https:\/\/stacyjkowo.renskawies.pl\/index.php?rest_route=\/wp\/v2\/users\/1"}],"replies":[{"embeddable":true,"href":"https:\/\/stacyjkowo.renskawies.pl\/index.php?rest_route=%2Fwp%2Fv2%2Fcomments&post=55"}],"version-history":[{"count":4,"href":"https:\/\/stacyjkowo.renskawies.pl\/index.php?rest_route=\/wp\/v2\/pages\/55\/revisions"}],"predecessor-version":[{"id":431,"href":"https:\/\/stacyjkowo.renskawies.pl\/index.php?rest_route=\/wp\/v2\/pages\/55\/revisions\/431"}],"wp:attachment":[{"href":"https:\/\/stacyjkowo.renskawies.pl\/index.php?rest_route=%2Fwp%2Fv2%2Fmedia&parent=55"}],"curies":[{"name":"wp","href":"https:\/\/api.w.org\/{rel}","templated":true}]}}