{"id":57,"date":"2025-03-03T11:55:29","date_gmt":"2025-03-03T11:55:29","guid":{"rendered":"https:\/\/stacyjkowo.renskawies.pl\/?page_id=57"},"modified":"2025-04-09T11:23:02","modified_gmt":"2025-04-09T11:23:02","slug":"kontakt","status":"publish","type":"page","link":"https:\/\/stacyjkowo.renskawies.pl\/?page_id=57","title":{"rendered":"Kontakt"},"content":{"rendered":"\n<h3 class=\"wp-block-heading has-text-align-center\"><strong>Klub Malucha<\/strong> <strong>Stacyjkowo w Re\u0144skiej Wsi<\/strong><\/h3>\n\n\n\n<p class=\"has-text-align-center\"><strong>Adres : ul.Kolejowa 2, 47-208 Re\u0144ska Wie\u015b<\/strong><\/p>\n\n\n\n<p class=\"has-text-align-center\">Kontakt:<\/p>\n\n\n\n<p class=\"has-text-align-center\"><strong>Numer tel. : 571 948 535<\/strong><\/p>\n\n\n\n<p class=\"has-text-align-center\"><strong>E-mail : stacyjkowo@renskawies.pl<\/strong><\/p>\n\n\n\n<p class=\"has-text-align-center\">Godziny otwarcia:<\/p>\n\n\n\n<p class=\"has-text-align-center\"><strong>pon \u2013 pt. 7:00 \u2013 16:00<\/strong><\/p>\n\n\n\n<p class=\"has-text-align-center\">Portal spo\u0142eczno\u015bciowy:<\/p>\n\n\n\n<p class=\"has-text-align-center\"><strong> <a href=\"https:\/\/www.facebook.com\/KlubMaluchaStacyjkowo\/\" data-type=\"link\" data-id=\"https:\/\/www.facebook.com\/KlubMaluchaStacyjkowo\/\">Facebook <\/a><\/strong><\/p>\n\n\n\n<center><iframe src=\"https:\/\/www.google.com\/maps\/embed?pb=!1m18!1m12!1m3!1d159.22148609231414!2d18.1224341449695!3d50.319105439500746!2m3!1f0!2f0!3f0!3m2!1i1024!2i768!4f13.1!3m3!1m2!1s0x47110d8af73948b1%3A0xcb093269f0e543a8!2sKolejowa%202%2C%2047-208%20Re%C5%84ska%20Wie%C5%9B!5e0!3m2!1spl!2spl!4v1741607000541!5m2!1spl!2spl\" width=\"700\" height=\"500\" style=\"border:0;\" allowfullscreen=\"\" loading=\"lazy\" referrerpolicy=\"no-referrer-when-downgrade\"><\/iframe><\/center>\n","protected":false},"excerpt":{"rendered":"<p>Klub Malucha Stacyjkowo w Re\u0144skiej Wsi Adres : ul.Kolejowa 2, 47-208 Re\u0144ska Wie\u015b Kontakt: Numer tel. : 571 948 535 E-mail : stacyjkowo@renskawies.pl Godziny otwarcia: pon \u2013 pt. 7:00 \u2013 16:00 Portal spo\u0142eczno\u015bciowy: Facebook<\/p>\n","protected":false},"author":1,"featured_media":0,"parent":0,"menu_order":0,"comment_status":"closed","ping_status":"closed","template":"","meta":{"footnotes":""},"class_list":["post-57","page","type-page","status-publish","hentry"],"_links":{"self":[{"href":"https:\/\/stacyjkowo.renskawies.pl\/index.php?rest_route=\/wp\/v2\/pages\/57","targetHints":{"allow":["GET"]}}],"collection":[{"href":"https:\/\/stacyjkowo.renskawies.pl\/index.php?rest_route=\/wp\/v2\/pages"}],"about":[{"href":"https:\/\/stacyjkowo.renskawies.pl\/index.php?rest_route=\/wp\/v2\/types\/page"}],"author":[{"embeddable":true,"href":"https:\/\/stacyjkowo.renskawies.pl\/index.php?rest_route=\/wp\/v2\/users\/1"}],"replies":[{"embeddable":true,"href":"https:\/\/stacyjkowo.renskawies.pl\/index.php?rest_route=%2Fwp%2Fv2%2Fcomments&post=57"}],"version-history":[{"count":25,"href":"https:\/\/stacyjkowo.renskawies.pl\/index.php?rest_route=\/wp\/v2\/pages\/57\/revisions"}],"predecessor-version":[{"id":457,"href":"https:\/\/stacyjkowo.renskawies.pl\/index.php?rest_route=\/wp\/v2\/pages\/57\/revisions\/457"}],"wp:attachment":[{"href":"https:\/\/stacyjkowo.renskawies.pl\/index.php?rest_route=%2Fwp%2Fv2%2Fmedia&parent=57"}],"curies":[{"name":"wp","href":"https:\/\/api.w.org\/{rel}","templated":true}]}}